{"id":301,"date":"2017-06-09T07:52:41","date_gmt":"2017-06-09T07:52:41","guid":{"rendered":"https:\/\/victorthemes.com\/themes\/roof\/?page_id=301"},"modified":"2025-06-17T11:56:43","modified_gmt":"2025-06-17T11:56:43","slug":"hakkimizda","status":"publish","type":"page","link":"https:\/\/ofiskurumsal.com\/index.php\/hakkimizda\/","title":{"rendered":"Hakk\u0131m\u0131zda"},"content":{"rendered":"<div class=\"wpb-content-wrapper\"><p>[vc_row][vc_column]<div class=\"about-wrap about-one about-69e4d917ecd66 \"><div class=\"roof-picture\"><img decoding=\"async\" src=\"https:\/\/ofiskurumsal.com\/wp-content\/uploads\/2025\/06\/Toptancilik-Yapmak.webp\" alt=\"Author\"><\/div><div class=\"about-info \"><h5>Ofis Kurumsal<\/h5><h3>Ofis Kurumsal \u2013 \u0130\u015finizin Her An\u0131nda Yan\u0131n\u0131zda<\/h3><p data-start=\"287\" data-end=\"578\">Modern i\u015f d\u00fcnyas\u0131n\u0131n dinamik ihtiya\u00e7lar\u0131na \u00e7\u00f6z\u00fcm \u00fcretmek amac\u0131yla kurulmu\u015f, yenilik\u00e7i ve g\u00fcvenilir bir kurumsal hizmet sa\u011flay\u0131c\u0131s\u0131d\u0131r. Ofis \u00e7\u00f6z\u00fcmlerinden teknoloji \u00fcr\u00fcnlerine, k\u0131rtasiye tedari\u011finden i\u015f yeri donan\u0131m\u0131na kadar geni\u015f bir yelpazede kaliteli hizmet sunmaktay\u0131z.<\/p>\n<a href=\"https:\/\/ofiskurumsal.com\/index.php\/iletisim\/\" class=\"roof-btn\">\u0130leti\u015fim<\/a><\/div><\/div>[vc_column_text css=&#8221;.vc_custom_1748939808984{margin-top: 25px !important;margin-bottom: 25px !important;}&#8221;]<\/p>\n<p data-start=\"826\" data-end=\"1061\">M\u00fc\u015fterilerimize sadece \u00fcr\u00fcn de\u011fil; zaman kazand\u0131ran, i\u015f verimlili\u011fini art\u0131ran ve s\u00fcrd\u00fcr\u00fclebilir \u00e7\u00f6z\u00fcmler sunuyoruz. Sundu\u011fumuz t\u00fcm hizmetlerde kalite, h\u0131z ve m\u00fc\u015fteri memnuniyetini \u00f6n planda tutuyor; kurumsal yap\u0131n\u0131za de\u011fer katmay\u0131 hedefliyoruz.<br \/>\nAlan\u0131nda uzman ekibimiz, geli\u015fen teknolojileri ve sekt\u00f6r trendlerini yak\u0131ndan takip ederek Ofis Kurumsal\u2019\u0131 s\u00fcrekli ileriye ta\u015f\u0131yor. Amac\u0131m\u0131z; i\u015f ortaklar\u0131m\u0131z\u0131n ihtiya\u00e7 duydu\u011fu her an yanlar\u0131nda olarak, g\u00fcvenilir bir \u00e7\u00f6z\u00fcm orta\u011f\u0131 olmak.<\/p>\n<p data-start=\"1063\" data-end=\"1235\">Bizi tercih eden her kurumla uzun vadeli, \u015feffaf ve s\u00fcrd\u00fcr\u00fclebilir ili\u015fkiler kurmay\u0131 \u00f6nemsiyoruz. Siz \u00e7al\u0131\u015f\u0131rken her \u015feyin yerli yerinde oldu\u011fundan emin olmak bizim i\u015fimiz.<\/p>\n<p>[\/vc_column_text][\/vc_column][\/vc_row][vc_row][vc_column css=&#8221;.vc_custom_1497435133918{padding-top: 0px !important;padding-bottom: 0px !important;}&#8221;][vc_separator][\/vc_column][\/vc_row]<\/p>\n<\/div>","protected":false},"excerpt":{"rendered":"[vc_row][vc_column][vc_column_text css=&#8221;.vc_custom_1748939808984{margin-top: 25px !important;margin-bottom: 25px !important;}&#8221;] M\u00fc\u015fterilerimize sadece \u00fcr\u00fcn de\u011fil; zaman kazand\u0131ran, i\u015f verimlili\u011fini art\u0131ran ve s\u00fcrd\u00fcr\u00fclebilir \u00e7\u00f6z\u00fcmler sunuyoruz. Sundu\u011fumuz t\u00fcm hizmetlerde kalite, h\u0131z ve m\u00fc\u015fteri memnuniyetini \u00f6n planda tutuyor; kurumsal yap\u0131n\u0131za de\u011fer katmay\u0131 hedefliyoruz. Alan\u0131nda uzman ekibimiz, geli\u015fen teknolojileri ve sekt\u00f6r trendlerini yak\u0131ndan takip ederek Ofis Kurumsal\u2019\u0131 s\u00fcrekli ileriye ta\u015f\u0131yor. Amac\u0131m\u0131z; i\u015f ortaklar\u0131m\u0131z\u0131n ihtiya\u00e7[&#8230;]","protected":false},"author":1,"featured_media":0,"parent":0,"menu_order":0,"comment_status":"closed","ping_status":"closed","template":"","meta":{"_monsterinsights_skip_tracking":false,"_monsterinsights_sitenote_active":false,"_monsterinsights_sitenote_note":"","_monsterinsights_sitenote_category":0,"footnotes":""},"class_list":["post-301","page","type-page","status-publish","hentry"],"aioseo_notices":[],"_links":{"self":[{"href":"https:\/\/ofiskurumsal.com\/index.php\/wp-json\/wp\/v2\/pages\/301","targetHints":{"allow":["GET"]}}],"collection":[{"href":"https:\/\/ofiskurumsal.com\/index.php\/wp-json\/wp\/v2\/pages"}],"about":[{"href":"https:\/\/ofiskurumsal.com\/index.php\/wp-json\/wp\/v2\/types\/page"}],"author":[{"embeddable":true,"href":"https:\/\/ofiskurumsal.com\/index.php\/wp-json\/wp\/v2\/users\/1"}],"replies":[{"embeddable":true,"href":"https:\/\/ofiskurumsal.com\/index.php\/wp-json\/wp\/v2\/comments?post=301"}],"version-history":[{"count":19,"href":"https:\/\/ofiskurumsal.com\/index.php\/wp-json\/wp\/v2\/pages\/301\/revisions"}],"predecessor-version":[{"id":3164,"href":"https:\/\/ofiskurumsal.com\/index.php\/wp-json\/wp\/v2\/pages\/301\/revisions\/3164"}],"wp:attachment":[{"href":"https:\/\/ofiskurumsal.com\/index.php\/wp-json\/wp\/v2\/media?parent=301"}],"curies":[{"name":"wp","href":"https:\/\/api.w.org\/{rel}","templated":true}]}}