{"id":457,"date":"2017-06-09T14:24:46","date_gmt":"2017-06-09T14:24:46","guid":{"rendered":"https:\/\/victorthemes.com\/themes\/roof\/?page_id=457"},"modified":"2025-06-17T11:49:17","modified_gmt":"2025-06-17T11:49:17","slug":"sss","status":"publish","type":"page","link":"https:\/\/ofiskurumsal.com\/index.php\/sss\/","title":{"rendered":"SSS"},"content":{"rendered":"<div class=\"wpb-content-wrapper\"><p>[vc_row][vc_column]<div class=\"roof-questions  collapse-others\"><div class=\"accordion\" id=\"accordion-neden-markalara-ait-urunlerin-gorselleri-sayfanizda-yok0\" role=\"tablist\" aria-multiselectable=\"true\"><div class=\"card panel panel-default\"><div class=\"panel-heading show\"><h4 class=\"panel-title accordion-title\"><button class=\"btn btn-link panel-title accordion-toggle \" data-toggle=\"collapse\" data-target=\"#blsptAcc-069e4d90402273\" aria-expanded=\"true\" aria-controls=\"blsptAcc-069e4d90402273\"><strong>NEDEN MARKALARA A\u0130T \u00dcR\u00dcNLER\u0130N G\u00d6RSELLER\u0130 SAYFANIZDA YOK?<\/strong><\/button><\/h4><\/div><div id=\"blsptAcc-069e4d90402273\" class=\"panel-collapse collapse show\"><div class=\"card-body panel-body panel-content\">[vc_column_text css=&#8221;&#8221;]M\u00dc\u015eTER\u0130LER\u0130M\u0130Z\u0130 BEL\u0130RL\u0130 \u00dcR\u00dcNLER \u0130LE KISITLAMAK \u0130STEM\u0130YORUZ, TALEP ETT\u0130KLER\u0130 \u00dcR\u00dcNLER\u0130 B\u0130Z\u0130M \u0130LE PAYLA\u015eMALARI DURUMUNDA HER \u00dcR\u00dcN\u00dcN TEDAR\u0130\u011e\u0130N\u0130 YAPIYORUZ.[\/vc_column_text]<\/div><\/div><\/div><\/div><div class=\"accordion\" id=\"accordion-urun-gonderimlerini-kargo-ile-mi-yapiyorsunuz1\" role=\"tablist\" aria-multiselectable=\"true\"><div class=\"card panel panel-default\"><div class=\"panel-heading\"><h4 class=\"panel-title accordion-title\"><button class=\"btn btn-link panel-title accordion-toggle \" data-toggle=\"collapse\" data-target=\"#blsptAcc-169e4d90402273\" aria-expanded=\"true\" aria-controls=\"blsptAcc-169e4d90402273\"><strong>\u00dcR\u00dcN G\u00d6NDER\u0130MLER\u0130N\u0130 KARGO \u0130LE M\u0130 YAPIYORSUNUZ ?<\/strong><\/button><\/h4><\/div><div id=\"blsptAcc-169e4d90402273\" class=\"panel-collapse collapse\"><div class=\"card-body panel-body panel-content\">[vc_column_text css=&#8221;&#8221;]SEVKIYATLARI KEND\u0130 ARA\u00c7LARIMIZ \u0130LE YAPIYORUZ.[\/vc_column_text]<\/div><\/div><\/div><\/div><div class=\"accordion\" id=\"accordion-urun-gonderimini-haftanin-belirli-gunlerinde-mi-yapiyorsunuz2\" role=\"tablist\" aria-multiselectable=\"true\"><div class=\"card panel panel-default\"><div class=\"panel-heading\"><h4 class=\"panel-title accordion-title\"><button class=\"btn btn-link panel-title accordion-toggle \" data-toggle=\"collapse\" data-target=\"#blsptAcc-269e4d90402273\" aria-expanded=\"true\" aria-controls=\"blsptAcc-269e4d90402273\"><strong>\u00dcR\u00dcN G\u00d6NDER\u0130M\u0130N\u0130 HAFTANIN BEL\u0130RL\u0130 G\u00dcNLER\u0130NDE M\u0130 YAPIYORSUNUZ ?<\/strong><\/button><\/h4><\/div><div id=\"blsptAcc-269e4d90402273\" class=\"panel-collapse collapse\"><div class=\"card-body panel-body panel-content\">[vc_column_text css=&#8221;&#8221;]S\u0130PAR\u0130\u015e ONAYININ ERTES\u0130 G\u00dcN\u00dcNDE TESL\u0130MATI GER\u00c7EKLE\u015eT\u0130R\u0130YORUZ.[\/vc_column_text]<\/div><\/div><\/div><\/div><\/div>[\/vc_column][\/vc_row][vc_row][vc_column][vc_custom_heading text=&#8221;Cevab\u0131 bulamad\u0131\u011f\u0131z sorular\u0131n\u0131z i\u00e7in bizlere yaz\u0131n\u0131z.&#8221; font_container=&#8221;tag:h3|font_size:18px|text_align:left&#8221; use_theme_fonts=&#8221;yes&#8221; css=&#8221;.vc_custom_1750160954635{margin-top: 50px !important;margin-bottom: 30px !important;}&#8221;][vc_column_text]\n<div class=\"wpcf7 no-js\" id=\"wpcf7-f2429-o1\" lang=\"en-US\" dir=\"ltr\" data-wpcf7-id=\"2429\">\n<div class=\"screen-reader-response\"><p role=\"status\" aria-live=\"polite\" aria-atomic=\"true\"><\/p> <ul><\/ul><\/div>\n<form action=\"\/index.php\/wp-json\/wp\/v2\/pages\/457#wpcf7-f2429-o1\" method=\"post\" class=\"wpcf7-form init\" aria-label=\"Contact form\" novalidate=\"novalidate\" data-status=\"init\">\n<div style=\"display: none;\">\n<input type=\"hidden\" name=\"_wpcf7\" value=\"2429\" \/>\n<input type=\"hidden\" name=\"_wpcf7_version\" value=\"6.0.6\" \/>\n<input type=\"hidden\" name=\"_wpcf7_locale\" value=\"en_US\" \/>\n<input type=\"hidden\" name=\"_wpcf7_unit_tag\" value=\"wpcf7-f2429-o1\" \/>\n<input type=\"hidden\" name=\"_wpcf7_container_post\" value=\"0\" \/>\n<input type=\"hidden\" name=\"_wpcf7_posted_data_hash\" value=\"\" \/>\n<\/div>\n<div class=\"row\">\n\t<div class=\"col-md-6 col-sm-6\">\n\t\t<p><label><br \/>\n<span class=\"wpcf7-form-control-wrap\" data-name=\"your-name\"><input size=\"40\" maxlength=\"400\" class=\"wpcf7-form-control wpcf7-text wpcf7-validates-as-required\" aria-required=\"true\" aria-invalid=\"false\" placeholder=\"\u0130sim*\" value=\"\" type=\"text\" name=\"your-name\" \/><\/span> <\/label>\n\t\t<\/p>\n\t<\/div>\n\t<div class=\"col-md-6 col-sm-6\">\n\t\t<p><label><br \/>\n<span class=\"wpcf7-form-control-wrap\" data-name=\"your-email\"><input size=\"40\" maxlength=\"400\" class=\"wpcf7-form-control wpcf7-email wpcf7-validates-as-required wpcf7-text wpcf7-validates-as-email\" aria-required=\"true\" aria-invalid=\"false\" placeholder=\"Email *\" value=\"\" type=\"email\" name=\"your-email\" \/><\/span> <\/label>\n\t\t<\/p>\n\t<\/div>\n\t<div class=\"col-md-12 col-sm-12\">\n\t\t<p><label><br \/>\n<span class=\"wpcf7-form-control-wrap\" data-name=\"your-subject\"><input size=\"40\" maxlength=\"400\" class=\"wpcf7-form-control wpcf7-text\" aria-invalid=\"false\" placeholder=\"Konu *\" value=\"\" type=\"text\" name=\"your-subject\" \/><\/span> <\/label>\n\t\t<\/p>\n\t<\/div>\n\t<div class=\"col-md-12 col-sm-12\">\n\t\t<p><label><br \/>\n<span class=\"wpcf7-form-control-wrap\" data-name=\"your-message\"><textarea cols=\"40\" rows=\"10\" maxlength=\"2000\" class=\"wpcf7-form-control wpcf7-textarea\" aria-invalid=\"false\" placeholder=\"Mesaj *\" name=\"your-message\"><\/textarea><\/span> <\/label>\n\t\t<\/p>\n\t<\/div>\n\t<div class=\"col-md-12 col-sm-12\">\n\t\t<p><input class=\"wpcf7-form-control wpcf7-submit has-spinner\" type=\"submit\" value=\"G\u00f6nder\" \/>\n\t\t<\/p>\n\t<\/div>\n<\/div><div class=\"wpcf7-response-output\" aria-hidden=\"true\"><\/div>\n<\/form>\n<\/div>\n[\/vc_column_text][\/vc_column][\/vc_row]<\/p>\n<\/div>","protected":false},"excerpt":{"rendered":"[vc_row][vc_column][\/vc_column][\/vc_row][vc_row][vc_column][vc_custom_heading text=&#8221;Cevab\u0131 bulamad\u0131\u011f\u0131z sorular\u0131n\u0131z i\u00e7in bizlere yaz\u0131n\u0131z.&#8221; font_container=&#8221;tag:h3|font_size:18px|text_align:left&#8221; use_theme_fonts=&#8221;yes&#8221; css=&#8221;.vc_custom_1750160954635{margin-top: 50px !important;margin-bottom: 30px !important;}&#8221;][vc_column_text][\/vc_column_text][\/vc_column][\/vc_row]","protected":false},"author":1,"featured_media":0,"parent":0,"menu_order":0,"comment_status":"closed","ping_status":"closed","template":"","meta":{"_monsterinsights_skip_tracking":false,"_monsterinsights_sitenote_active":false,"_monsterinsights_sitenote_note":"","_monsterinsights_sitenote_category":0,"footnotes":""},"class_list":["post-457","page","type-page","status-publish","hentry"],"aioseo_notices":[],"_links":{"self":[{"href":"https:\/\/ofiskurumsal.com\/index.php\/wp-json\/wp\/v2\/pages\/457","targetHints":{"allow":["GET"]}}],"collection":[{"href":"https:\/\/ofiskurumsal.com\/index.php\/wp-json\/wp\/v2\/pages"}],"about":[{"href":"https:\/\/ofiskurumsal.com\/index.php\/wp-json\/wp\/v2\/types\/page"}],"author":[{"embeddable":true,"href":"https:\/\/ofiskurumsal.com\/index.php\/wp-json\/wp\/v2\/users\/1"}],"replies":[{"embeddable":true,"href":"https:\/\/ofiskurumsal.com\/index.php\/wp-json\/wp\/v2\/comments?post=457"}],"version-history":[{"count":9,"href":"https:\/\/ofiskurumsal.com\/index.php\/wp-json\/wp\/v2\/pages\/457\/revisions"}],"predecessor-version":[{"id":3160,"href":"https:\/\/ofiskurumsal.com\/index.php\/wp-json\/wp\/v2\/pages\/457\/revisions\/3160"}],"wp:attachment":[{"href":"https:\/\/ofiskurumsal.com\/index.php\/wp-json\/wp\/v2\/media?parent=457"}],"curies":[{"name":"wp","href":"https:\/\/api.w.org\/{rel}","templated":true}]}}